{"id":1304,"date":"2023-07-23T14:12:39","date_gmt":"2023-07-23T13:12:39","guid":{"rendered":"https:\/\/maxreuterproperties.com\/politica-de-privacidade\/"},"modified":"2023-08-25T17:51:25","modified_gmt":"2023-08-25T16:51:25","slug":"politica-de-privacidade","status":"publish","type":"page","link":"https:\/\/maxreuterproperties.com\/pt-pt\/politica-de-privacidade\/","title":{"rendered":"Pol\u00edtica de privacidade"},"content":{"rendered":"\n<h1 class=\"wp-block-heading\">POL\u00cdTICA DE PRIVACIDADE<\/h1>\n\n\n\n<p>Esta Pol\u00edtica de Privacidade descreve as nossas pol\u00edticas e procedimentos sobre a recolha, utiliza\u00e7\u00e3o e divulga\u00e7\u00e3o das suas informa\u00e7\u00f5es quando utiliza este s\u00edtio Web, e informa-o sobre os seus direitos de privacidade e a forma como a lei o protege.<\/p>\n\n\n\n<p>Apenas utilizamos os seus dados pessoais no contexto da presta\u00e7\u00e3o dos nossos servi\u00e7os. Ao utilizar o s\u00edtio Web, o utilizador concorda com a recolha e utiliza\u00e7\u00e3o de informa\u00e7\u00f5es em conformidade com a presente Pol\u00edtica de Privacidade. Esta Pol\u00edtica de Privacidade foi criada com a ajuda do <a href=\"https:\/\/www.termsfeed.com\/privacy-policy-generator\/\" target=\"_blank\" rel=\"noreferrer noopener\">Gerador de Pol\u00edticas de Privacidade da TermsFeed<\/a>.<\/p>\n\n\n\n<h2 class=\"wp-block-heading\">DEFINI\u00c7\u00d5ES<\/h2>\n\n\n\n<p>Para efeitos da presente Pol\u00edtica de Privacidade:<\/p>\n\n\n\n<ul class=\"wp-block-list\">\n<li><strong>A empresa<\/strong> refere-se \u00e0 Bessard Art Advisory, 15 Rue Meyerbeer, 06000 Nice, Fran\u00e7a.<\/li>\n\n\n\n<li><strong>Os cookies<\/strong> s\u00e3o pequenos ficheiros que s\u00e3o colocados no seu computador, dispositivo m\u00f3vel ou qualquer outro dispositivo por um s\u00edtio Web, contendo os detalhes do seu hist\u00f3rico de navega\u00e7\u00e3o nesse s\u00edtio Web, entre as suas muitas utiliza\u00e7\u00f5es.<\/li>\n\n\n\n<li><strong>Dispositivo<\/strong> significa qualquer dispositivo que possa aceder ao s\u00edtio Web, como um computador, um telem\u00f3vel ou um tablet digital.<\/li>\n\n\n\n<li><strong>Os dados pessoais<\/strong> s\u00e3o qualquer informa\u00e7\u00e3o relativa a uma pessoa singular identificada ou identific\u00e1vel.<\/li>\n\n\n\n<li><strong>Os dados de utiliza\u00e7\u00e3o<\/strong> referem-se a dados recolhidos automaticamente, quer gerados pela utiliza\u00e7\u00e3o do s\u00edtio Web quer pela pr\u00f3pria infraestrutura do s\u00edtio Web (por exemplo, a dura\u00e7\u00e3o de uma visita \u00e0 p\u00e1gina).<\/li>\n\n\n\n<li><strong>O s\u00edtio Web<\/strong> refere-se a Max Reuter Properties <a href=\"https:\/\/maxreuterproperties.com\/\">https:\/\/maxreuterproperties.com\/<\/a><\/li>\n\n\n\n<li><strong>O utilizador<\/strong> \u00e9 a pessoa que acede ou utiliza o s\u00edtio Web, ou a empresa ou outra entidade jur\u00eddica em nome da qual essa pessoa acede ou utiliza o s\u00edtio Web, conforme aplic\u00e1vel.<\/li>\n<\/ul>\n\n\n\n<h2 class=\"wp-block-heading\">RECOLHA E UTILIZA\u00c7\u00c3O DOS SEUS DADOS PESSOAIS<\/h2>\n\n\n\n<h3 class=\"wp-block-heading\">TIPOS DE DADOS RECOLHIDOS<\/h3>\n\n\n\n<h4 class=\"wp-block-heading\">DADOS PESSOAIS<\/h4>\n\n\n\n<p>Ao utilizar o s\u00edtio Web, podemos pedir-lhe que nos forne\u00e7a determinadas informa\u00e7\u00f5es de identifica\u00e7\u00e3o pessoal que podem ser utilizadas para o contactar ou identificar. As informa\u00e7\u00f5es de identifica\u00e7\u00e3o pessoal podem incluir, mas n\u00e3o se limitam a:<\/p>\n\n\n\n<ul class=\"wp-block-list\">\n<li>Endere\u00e7o de correio eletr\u00f3nico<\/li>\n\n\n\n<li>Nome pr\u00f3prio e apelido<\/li>\n\n\n\n<li>N\u00famero de telefone<\/li>\n\n\n\n<li>Endere\u00e7o f\u00edsico<\/li>\n\n\n\n<li>Dados de utiliza\u00e7\u00e3o<\/li>\n<\/ul>\n\n\n\n<h4 class=\"wp-block-heading\">DADOS DE UTILIZA\u00c7\u00c3O<\/h4>\n\n\n\n<p>Os dados de utiliza\u00e7\u00e3o s\u00e3o recolhidos automaticamente quando se utiliza o s\u00edtio Web.<\/p>\n\n\n\n<p>Os dados de utiliza\u00e7\u00e3o podem incluir informa\u00e7\u00f5es como o endere\u00e7o de Protocolo de Internet do seu dispositivo (por exemplo, endere\u00e7o IP), o tipo de browser, a vers\u00e3o do browser, as p\u00e1ginas do nosso website que visita, a hora e a data da sua visita, o tempo passado nessas p\u00e1ginas, identificadores \u00fanicos de dispositivos e outros dados de diagn\u00f3stico.<\/p>\n\n\n\n<p>Quando o utilizador acede ao s\u00edtio Web atrav\u00e9s de um dispositivo m\u00f3vel, podemos recolher automaticamente determinadas informa\u00e7\u00f5es, incluindo, entre outras, o tipo de dispositivo m\u00f3vel que utiliza, a ID exclusiva do seu dispositivo m\u00f3vel, o endere\u00e7o IP do seu dispositivo m\u00f3vel, o sistema operativo do seu dispositivo m\u00f3vel, o tipo de navegador de Internet m\u00f3vel que utiliza, identificadores exclusivos de dispositivos e outros dados de diagn\u00f3stico.<\/p>\n\n\n\n<p>Podemos tamb\u00e9m recolher informa\u00e7\u00f5es que o seu browser envia sempre que visita o nosso s\u00edtio Web ou quando acede ao s\u00edtio Web por ou atrav\u00e9s de um dispositivo m\u00f3vel.<\/p>\n\n\n\n<h4 class=\"wp-block-heading\">TECNOLOGIAS DE RASTREIO E COOKIES<\/h4>\n\n\n\n<p>Utilizamos cookies e tecnologias de rastreio semelhantes para rastrear a atividade no nosso s\u00edtio Web e armazenar determinadas informa\u00e7\u00f5es. As tecnologias de rastreio utilizadas s\u00e3o beacons, tags e scripts para recolher e rastrear informa\u00e7\u00f5es e para melhorar e analisar o nosso s\u00edtio Web. As tecnologias que utilizamos podem incluir:<\/p>\n\n\n\n<ul class=\"wp-block-list\">\n<li><strong>Cookies ou cookies de browser.<\/strong>  Um cookie \u00e9 um pequeno ficheiro colocado no seu dispositivo. O utilizador pode dar instru\u00e7\u00f5es ao seu browser para recusar todos os cookies ou para indicar quando um cookie est\u00e1 a ser enviado. No entanto, se n\u00e3o aceitar cookies, poder\u00e1 n\u00e3o conseguir utilizar algumas partes do nosso s\u00edtio Web. A menos que tenha ajustado as defini\u00e7\u00f5es do seu browser de forma a recusar cookies, o nosso s\u00edtio Web pode utilizar cookies.<\/li>\n\n\n\n<li><strong>Web beacons.<\/strong>  Certas sec\u00e7\u00f5es do nosso s\u00edtio Web e os nossos e-mails podem conter pequenos ficheiros electr\u00f3nicos conhecidos como web beacons (tamb\u00e9m referidos como clear gifs, pixel tags e single-pixel gifs) que permitem \u00e0 empresa, por exemplo, contar os utilizadores que visitaram essas p\u00e1ginas ou abriram um e-mail e para outras estat\u00edsticas relacionadas com o s\u00edtio Web (por exemplo, registar a popularidade de uma determinada sec\u00e7\u00e3o e verificar a integridade do sistema e do servidor).<\/li>\n<\/ul>\n\n\n\n<p>Os cookies podem ser cookies &#8220;persistentes&#8221; ou de &#8220;sess\u00e3o&#8221;. Os cookies persistentes permanecem no seu computador pessoal ou dispositivo m\u00f3vel quando fica offline, enquanto os cookies de sess\u00e3o s\u00e3o eliminados assim que fecha o seu navegador Web. Pode obter mais informa\u00e7\u00f5es sobre cookies no s\u00edtio <a href=\"https:\/\/www.termsfeed.com\/blog\/cookies\/#What_Are_Cookies\" target=\"_blank\" rel=\"noreferrer noopener\">Web da TermsFeed<\/a>.<\/p>\n\n\n\n<h2 class=\"wp-block-heading\">UTILIZA\u00c7\u00c3O DOS SEUS DADOS PESSOAIS<\/h2>\n\n\n\n<p>A empresa pode utilizar os dados pessoais para os seguintes fins:<\/p>\n\n\n\n<ul class=\"wp-block-list\">\n<li><strong>Para fornecer e manter o nosso<\/strong> s\u00edtio Web, incluindo para monitorizar a utiliza\u00e7\u00e3o do nosso s\u00edtio Web.<\/li>\n\n\n\n<li><strong>Para a execu\u00e7\u00e3o de um contrato:<\/strong> o desenvolvimento, o cumprimento e a execu\u00e7\u00e3o do contrato relativo aos servi\u00e7os que contratou ou de qualquer outro contrato celebrado connosco atrav\u00e9s do s\u00edtio Web.<\/li>\n\n\n\n<li><strong>Para o contactar:<\/strong> para o contactar por correio eletr\u00f3nico, chamadas telef\u00f3nicas, SMS ou outras formas equivalentes de comunica\u00e7\u00e3o eletr\u00f3nica.<\/li>\n\n\n\n<li><strong>Para lhe fornecer<\/strong> not\u00edcias, ofertas e informa\u00e7\u00f5es gerais sobre os servi\u00e7os que oferecemos e que s\u00e3o semelhantes aos que j\u00e1 contratou ou solicitou, a menos que tenha optado por n\u00e3o receber essas informa\u00e7\u00f5es.<\/li>\n\n\n\n<li><strong>Para gerir os seus pedidos:<\/strong> para atender e gerir os pedidos que nos faz.<\/li>\n\n\n\n<li><strong>Para outros fins<\/strong>: podemos utilizar as suas informa\u00e7\u00f5es para outros fins, tais como an\u00e1lise de dados, identifica\u00e7\u00e3o de tend\u00eancias de utiliza\u00e7\u00e3o, determina\u00e7\u00e3o da efic\u00e1cia do nosso s\u00edtio Web e para avaliar e melhorar os nossos servi\u00e7os e a sua experi\u00eancia.<\/li>\n<\/ul>\n\n\n\n<h2 class=\"wp-block-heading\">CONSERVA\u00c7\u00c3O DOS SEUS DADOS PESSOAIS<\/h2>\n\n\n\n<p>A empresa conservar\u00e1 os seus dados pessoais apenas durante o tempo necess\u00e1rio para os fins definidos na presente Pol\u00edtica de Privacidade. Conservaremos e utilizaremos os seus dados pessoais na medida do necess\u00e1rio para cumprir as nossas obriga\u00e7\u00f5es legais (por exemplo, se formos obrigados a conservar os seus dados para cumprir a legisla\u00e7\u00e3o aplic\u00e1vel), resolver lit\u00edgios e aplicar os nossos acordos e pol\u00edticas legais.<\/p>\n\n\n\n<p>A empresa tamb\u00e9m conservar\u00e1 os dados de utiliza\u00e7\u00e3o para fins de an\u00e1lise interna. Os dados de utiliza\u00e7\u00e3o s\u00e3o geralmente conservados por um per\u00edodo de tempo mais curto, exceto quando estes dados s\u00e3o utilizados para refor\u00e7ar a seguran\u00e7a ou para melhorar a funcionalidade do nosso s\u00edtio Web, ou quando somos legalmente obrigados a conservar estes dados por per\u00edodos de tempo mais longos.<\/p>\n\n\n\n<h2 class=\"wp-block-heading\">TRANSFER\u00caNCIA DOS SEUS DADOS PESSOAIS<\/h2>\n\n\n\n<p>As suas informa\u00e7\u00f5es, incluindo os dados pessoais, s\u00e3o tratadas na sede da empresa e em quaisquer outros locais onde se encontrem as partes envolvidas no tratamento. Isto significa que estas informa\u00e7\u00f5es podem ser transferidas para &#8211; e mantidas em &#8211; computadores localizados fora da sua jurisdi\u00e7\u00e3o, onde as leis de prote\u00e7\u00e3o de dados podem ser diferentes das da sua jurisdi\u00e7\u00e3o.<\/p>\n\n\n\n<p>O seu consentimento para esta Pol\u00edtica de Privacidade, seguido do envio de tais informa\u00e7\u00f5es, representa o seu acordo com essa transfer\u00eancia.<\/p>\n\n\n\n<p>A empresa tomar\u00e1 todas as medidas razoavelmente necess\u00e1rias para garantir que os seus dados sejam tratados de forma segura e de acordo com esta Pol\u00edtica de Privacidade e nenhuma transfer\u00eancia dos seus dados pessoais ter\u00e1 lugar a menos que existam controlos adequados em vigor, incluindo a seguran\u00e7a dos seus dados e outras informa\u00e7\u00f5es pessoais.<\/p>\n\n\n\n<h2 class=\"wp-block-heading\">ELIMINAR OS SEUS DADOS PESSOAIS<\/h2>\n\n\n\n<p>O utilizador tem o direito de apagar ou de solicitar que o ajudemos a apagar os dados pessoais que recolhemos sobre si.<\/p>\n\n\n\n<p>O utilizador pode contactar-nos para solicitar o acesso, a corre\u00e7\u00e3o ou a elimina\u00e7\u00e3o de quaisquer informa\u00e7\u00f5es pessoais que nos tenha fornecido.<\/p>\n\n\n\n<p>Note-se, no entanto, que poderemos ter de conservar determinadas informa\u00e7\u00f5es quando temos uma obriga\u00e7\u00e3o legal ou uma base jur\u00eddica para o fazer.<\/p>\n\n\n\n<h2 class=\"wp-block-heading\">DIVULGA\u00c7\u00c3O DOS SEUS DADOS PESSOAIS<\/h2>\n\n\n\n<h3 class=\"wp-block-heading\">APLICA\u00c7\u00c3O DA LEI<\/h3>\n\n\n\n<p>Em determinadas circunst\u00e2ncias, a empresa pode ser obrigada a divulgar os seus dados pessoais se tal for exigido por lei ou em resposta a pedidos v\u00e1lidos de autoridades p\u00fablicas (por exemplo, um tribunal ou uma ag\u00eancia governamental).<\/p>\n\n\n\n<h3 class=\"wp-block-heading\">OUTROS REQUISITOS LEGAIS<\/h3>\n\n\n\n<p>A empresa pode divulgar os seus dados pessoais na convic\u00e7\u00e3o de boa f\u00e9 de que tal a\u00e7\u00e3o \u00e9 necess\u00e1ria para<\/p>\n\n\n\n<ul class=\"wp-block-list\">\n<li>cumprir uma obriga\u00e7\u00e3o legal<\/li>\n\n\n\n<li>proteger e defender os direitos ou a propriedade da empresa<\/li>\n\n\n\n<li>prevenir ou investigar poss\u00edveis infrac\u00e7\u00f5es relacionadas com o s\u00edtio Web<\/li>\n\n\n\n<li>proteger a seguran\u00e7a pessoal dos utilizadores do s\u00edtio Web<\/li>\n\n\n\n<li>prote\u00e7\u00e3o contra a responsabilidade jur\u00eddica<\/li>\n<\/ul>\n\n\n\n<h3 class=\"wp-block-heading\">SEGURAN\u00c7A DOS SEUS DADOS PESSOAIS<\/h3>\n\n\n\n<p>A seguran\u00e7a dos seus dados pessoais \u00e9 importante para n\u00f3s, mas lembre-se que nenhum m\u00e9todo de transmiss\u00e3o atrav\u00e9s da Internet ou m\u00e9todo de armazenamento eletr\u00f3nico \u00e9 100% seguro. Embora nos esforcemos por utilizar meios comercialmente aceit\u00e1veis para proteger os seus dados pessoais, n\u00e3o podemos garantir a sua seguran\u00e7a absoluta.<\/p>\n\n\n\n<h2 class=\"wp-block-heading\">LIGA\u00c7\u00d5ES A OUTROS S\u00cdTIOS WEB<\/h2>\n\n\n\n<p>O nosso s\u00edtio Web pode conter liga\u00e7\u00f5es a outros s\u00edtios Web que n\u00e3o s\u00e3o geridos por n\u00f3s. Se clicar numa liga\u00e7\u00e3o de terceiros, ser\u00e1 direcionado para o s\u00edtio desses terceiros. Aconselhamos o utilizador a rever a pol\u00edtica de privacidade de todos os s\u00edtios que visita.<\/p>\n\n\n\n<p>N\u00e3o temos qualquer controlo e n\u00e3o assumimos qualquer responsabilidade pelo conte\u00fado, pol\u00edticas de privacidade ou pr\u00e1ticas de quaisquer sites ou servi\u00e7os de terceiros.<\/p>\n\n\n\n<h2 class=\"wp-block-heading\">ALTERA\u00c7\u00d5ES A ESTA POL\u00cdTICA DE PRIVACIDADE<\/h2>\n\n\n\n<p>Poderemos atualizar a nossa Pol\u00edtica de Privacidade ocasionalmente. Notific\u00e1-lo-emos de quaisquer altera\u00e7\u00f5es, publicando a nova Pol\u00edtica de Privacidade nesta p\u00e1gina.<\/p>\n\n\n\n<p>As altera\u00e7\u00f5es a esta Pol\u00edtica de Privacidade entram em vigor quando s\u00e3o publicadas nesta p\u00e1gina.<\/p>\n\n\n\n<h2 class=\"wp-block-heading\">CONTACTE-NOS<\/h2>\n\n\n\n<p>Se tiver alguma d\u00favida sobre esta Pol\u00edtica de Privacidade, pode contactar-nos por correio eletr\u00f3nico: ola@maxreuterproperties.com<\/p>\n","protected":false},"excerpt":{"rendered":"<p>POL\u00cdTICA DE PRIVACIDADE Esta Pol\u00edtica de Privacidade descreve as nossas pol\u00edticas e procedimentos sobre a recolha, utiliza\u00e7\u00e3o e divulga\u00e7\u00e3o das suas informa\u00e7\u00f5es quando utiliza este s\u00edtio Web, e informa-o sobre os seus direitos de privacidade e a forma como a lei o protege. Apenas utilizamos os seus dados pessoais no contexto da presta\u00e7\u00e3o dos nossos&#8230;<\/p>\n","protected":false},"author":1,"featured_media":0,"parent":0,"menu_order":0,"comment_status":"closed","ping_status":"open","template":"","meta":{"_kad_blocks_custom_css":"","_kad_blocks_head_custom_js":"","_kad_blocks_body_custom_js":"","_kad_blocks_footer_custom_js":"","_kadence_starter_templates_imported_post":false,"_kad_post_transparent":"disable","_kad_post_title":"","_kad_post_layout":"normal","_kad_post_sidebar_id":"","_kad_post_content_style":"","_kad_post_vertical_padding":"","_kad_post_feature":"","_kad_post_feature_position":"","_kad_post_header":false,"_kad_post_footer":false,"_kad_post_classname":"","footnotes":""},"class_list":["post-1304","page","type-page","status-publish","hentry"],"taxonomy_info":[],"featured_image_src_large":false,"author_info":{"display_name":"katja","author_link":"https:\/\/maxreuterproperties.com\/pt-pt\/author\/katja\/"},"comment_info":0,"_links":{"self":[{"href":"https:\/\/maxreuterproperties.com\/pt-pt\/wp-json\/wp\/v2\/pages\/1304","targetHints":{"allow":["GET"]}}],"collection":[{"href":"https:\/\/maxreuterproperties.com\/pt-pt\/wp-json\/wp\/v2\/pages"}],"about":[{"href":"https:\/\/maxreuterproperties.com\/pt-pt\/wp-json\/wp\/v2\/types\/page"}],"author":[{"embeddable":true,"href":"https:\/\/maxreuterproperties.com\/pt-pt\/wp-json\/wp\/v2\/users\/1"}],"replies":[{"embeddable":true,"href":"https:\/\/maxreuterproperties.com\/pt-pt\/wp-json\/wp\/v2\/comments?post=1304"}],"version-history":[{"count":2,"href":"https:\/\/maxreuterproperties.com\/pt-pt\/wp-json\/wp\/v2\/pages\/1304\/revisions"}],"predecessor-version":[{"id":1312,"href":"https:\/\/maxreuterproperties.com\/pt-pt\/wp-json\/wp\/v2\/pages\/1304\/revisions\/1312"}],"wp:attachment":[{"href":"https:\/\/maxreuterproperties.com\/pt-pt\/wp-json\/wp\/v2\/media?parent=1304"}],"curies":[{"name":"wp","href":"https:\/\/api.w.org\/{rel}","templated":true}]}}