{"id":1295,"date":"2023-07-28T14:44:08","date_gmt":"2023-07-28T13:44:08","guid":{"rendered":"https:\/\/maxreuterproperties.com\/impressao\/"},"modified":"2023-09-08T08:22:07","modified_gmt":"2023-09-08T07:22:07","slug":"impressao","status":"publish","type":"page","link":"https:\/\/maxreuterproperties.com\/pt-pt\/impressao\/","title":{"rendered":"Impress\u00e3o"},"content":{"rendered":"\n<p>Max Reuter<\/p>\n\n\n\n<p>MAXIMUM MANSIONS UNIPESSOAL LDA<br>Rua Am\u00e1lia Rodrigues, n.\u00ba 5, 1.\u00ba D<br>2520-553 Peniche \/ Portugal<br>IVA: PT514464186<\/p>\n\n\n\n<p><a href=\"mailto:ola@maxreuterproperties.com\">ola@maxreuterproperties.com<\/a><\/p>\n\n\n\n<p>Desenvolvido por:<br>EXP Global Portugal LDA<br>Avenida da Liberdade 258 &#8211; 8\u00ba andar, sala 8<br>1250-149 Lisboa \/ Portugal<br>Licen\u00e7a AMI: 18470<\/p>\n\n\n\n<figure class=\"wp-block-image size-full is-resized\"><img loading=\"lazy\" decoding=\"async\" src=\"https:\/\/maxreuterproperties.com\/wp-content\/uploads\/2023\/08\/exp-portugal-logo.jpg\" alt=\"\" class=\"wp-image-1286\" style=\"width:217px;height:53px\" width=\"217\" height=\"53\" srcset=\"https:\/\/maxreuterproperties.com\/wp-content\/uploads\/2023\/08\/exp-portugal-logo.jpg 443w, https:\/\/maxreuterproperties.com\/wp-content\/uploads\/2023\/08\/exp-portugal-logo-300x73.jpg 300w\" sizes=\"auto, (max-width: 217px) 100vw, 217px\" \/><\/figure>\n\n\n\n<h2 class=\"wp-block-heading\">Imagens<\/h2>\n\n\n\n<p>Peniche: Foto de <a href=\"https:\/\/unsplash.com\/@michielannaert?utm_source=unsplash&amp;utm_medium=referral&amp;utm_content=creditCopyText\" target=\"_blank\" rel=\"noopener\">Michiel Annaert<\/a> no <a href=\"https:\/\/unsplash.com\/photos\/_5yqRQQypic?utm_source=unsplash&amp;utm_medium=referral&amp;utm_content=creditCopyText\" target=\"_blank\" rel=\"noopener\">Unsplash<\/a><br>\u00d3bidos: Foto de <a href=\"https:\/\/unsplash.com\/@portuguesegravity?utm_source=unsplash&amp;utm_medium=referral&amp;utm_content=creditCopyText\" target=\"_blank\" rel=\"noopener\">Gravidade Portuguesa<\/a> no <a href=\"https:\/\/unsplash.com\/photos\/b5--vQWf4oA?utm_source=unsplash&amp;utm_medium=referral&amp;utm_content=creditCopyText\" target=\"_blank\" rel=\"noopener\">Unsplash<\/a><br>Nazar\u00e9: Foto de <a href=\"https:\/\/unsplash.com\/@fabinhovilhena?utm_source=unsplash&amp;utm_medium=referral&amp;utm_content=creditCopyText\" target=\"_blank\" rel=\"noopener\">FABIO VILHENA<\/a> no <a href=\"https:\/\/unsplash.com\/photos\/osJEB4mntDU?utm_source=unsplash&amp;utm_medium=referral&amp;utm_content=creditCopyText\" target=\"_blank\" rel=\"noopener\">Unsplash<\/a><br>O vinho: Foto de <a href=\"https:\/\/unsplash.com\/@kymellis?utm_source=unsplash&amp;utm_medium=referral&amp;utm_content=creditCopyText\" target=\"_blank\" rel=\"noopener\">Kym Ellis<\/a> no <a href=\"https:\/\/unsplash.com\/photos\/aF1NPSnDQLw?utm_source=unsplash&amp;utm_medium=referral&amp;utm_content=creditCopyText\" target=\"_blank\" rel=\"noopener\">Unsplash<\/a><\/p>\n","protected":false},"excerpt":{"rendered":"<p>Max Reuter MAXIMUM MANSIONS UNIPESSOAL LDARua Am\u00e1lia Rodrigues, n.\u00ba 5, 1.\u00ba D2520-553 Peniche \/ PortugalIVA: PT514464186 ola@maxreuterproperties.com Desenvolvido por:EXP Global Portugal LDAAvenida da Liberdade 258 &#8211; 8\u00ba andar, sala 81250-149 Lisboa \/ PortugalLicen\u00e7a AMI: 18470 Imagens Peniche: Foto de Michiel Annaert no Unsplash\u00d3bidos: Foto de Gravidade Portuguesa no UnsplashNazar\u00e9: Foto de FABIO VILHENA no UnsplashO&#8230;<\/p>\n","protected":false},"author":1,"featured_media":0,"parent":0,"menu_order":0,"comment_status":"closed","ping_status":"closed","template":"","meta":{"_kad_blocks_custom_css":"","_kad_blocks_head_custom_js":"","_kad_blocks_body_custom_js":"","_kad_blocks_footer_custom_js":"","_kadence_starter_templates_imported_post":false,"_kad_post_transparent":"disable","_kad_post_title":"","_kad_post_layout":"normal","_kad_post_sidebar_id":"","_kad_post_content_style":"","_kad_post_vertical_padding":"","_kad_post_feature":"","_kad_post_feature_position":"","_kad_post_header":false,"_kad_post_footer":false,"_kad_post_classname":"","footnotes":""},"class_list":["post-1295","page","type-page","status-publish","hentry"],"taxonomy_info":[],"featured_image_src_large":false,"author_info":{"display_name":"katja","author_link":"https:\/\/maxreuterproperties.com\/pt-pt\/author\/katja\/"},"comment_info":0,"_links":{"self":[{"href":"https:\/\/maxreuterproperties.com\/pt-pt\/wp-json\/wp\/v2\/pages\/1295","targetHints":{"allow":["GET"]}}],"collection":[{"href":"https:\/\/maxreuterproperties.com\/pt-pt\/wp-json\/wp\/v2\/pages"}],"about":[{"href":"https:\/\/maxreuterproperties.com\/pt-pt\/wp-json\/wp\/v2\/types\/page"}],"author":[{"embeddable":true,"href":"https:\/\/maxreuterproperties.com\/pt-pt\/wp-json\/wp\/v2\/users\/1"}],"replies":[{"embeddable":true,"href":"https:\/\/maxreuterproperties.com\/pt-pt\/wp-json\/wp\/v2\/comments?post=1295"}],"version-history":[{"count":5,"href":"https:\/\/maxreuterproperties.com\/pt-pt\/wp-json\/wp\/v2\/pages\/1295\/revisions"}],"predecessor-version":[{"id":1437,"href":"https:\/\/maxreuterproperties.com\/pt-pt\/wp-json\/wp\/v2\/pages\/1295\/revisions\/1437"}],"wp:attachment":[{"href":"https:\/\/maxreuterproperties.com\/pt-pt\/wp-json\/wp\/v2\/media?parent=1295"}],"curies":[{"name":"wp","href":"https:\/\/api.w.org\/{rel}","templated":true}]}}