{"id":1302,"date":"2023-07-23T14:12:39","date_gmt":"2023-07-23T13:12:39","guid":{"rendered":"https:\/\/maxreuterproperties.com\/datenschutzbestimmungen\/"},"modified":"2023-08-25T17:51:07","modified_gmt":"2023-08-25T16:51:07","slug":"datenschutzbestimmungen","status":"publish","type":"page","link":"https:\/\/maxreuterproperties.com\/de\/datenschutzbestimmungen\/","title":{"rendered":"Datenschutzbestimmungen"},"content":{"rendered":"\n<h1 class=\"wp-block-heading\">DATENSCHUTZPOLITIK<\/h1>\n\n\n\n<p>Diese Datenschutzrichtlinie beschreibt unsere Richtlinien und Verfahren f\u00fcr die Erfassung, Verwendung und Weitergabe Ihrer Daten bei der Nutzung dieser Website und informiert Sie \u00fcber Ihre Datenschutzrechte und den gesetzlichen Schutz Ihrer Daten.<\/p>\n\n\n\n<p>Wir verwenden Ihre personenbezogenen Daten ausschlie\u00dflich im Rahmen der Erbringung unserer Dienstleistungen. Durch die Nutzung der Website erkl\u00e4ren Sie sich mit der Erfassung und Nutzung von Informationen in \u00dcbereinstimmung mit dieser Datenschutzerkl\u00e4rung einverstanden. Diese Datenschutzrichtlinie wurde mit Hilfe des <a href=\"https:\/\/www.termsfeed.com\/privacy-policy-generator\/\" target=\"_blank\" rel=\"noreferrer noopener\">TermsFeed Privacy Policy Generator<\/a> erstellt.<\/p>\n\n\n\n<h2 class=\"wp-block-heading\">DEFINITIONEN<\/h2>\n\n\n\n<p>F\u00fcr die Zwecke dieser Datenschutzrichtlinie:<\/p>\n\n\n\n<ul class=\"wp-block-list\">\n<li>Das <strong>Unternehmen<\/strong> bezieht sich auf Bessard Art Advisory, 15 Rue Meyerbeer, 06000 Nizza, Frankreich.<\/li>\n\n\n\n<li><strong>Cookies<\/strong> sind kleine Dateien, die von einer Website auf Ihrem Computer, Ihrem Mobilger\u00e4t oder einem anderen Ger\u00e4t abgelegt werden und u. a. Angaben zu Ihrem Surfverhalten auf dieser Website enthalten.<\/li>\n\n\n\n<li>Mit <strong>Ger\u00e4t<\/strong> ist jedes Ger\u00e4t gemeint, das auf die Website zugreifen kann, z. B. ein Computer, ein Mobiltelefon oder ein digitales Tablet.<\/li>\n\n\n\n<li><strong>Personenbezogene Daten<\/strong> sind alle Informationen, die sich auf eine identifizierte oder identifizierbare Person beziehen.<\/li>\n\n\n\n<li>Bei den <strong>Nutzungsdaten<\/strong> handelt es sich um automatisch erfasste Daten, die entweder durch die Nutzung der Website oder durch die Infrastruktur der Website selbst erzeugt werden (z. B. die Dauer eines Seitenbesuchs).<\/li>\n\n\n\n<li>Die <strong>Website<\/strong> verweist auf Max Reuter Properties <a href=\"https:\/\/maxreuterproperties.com\/\">https:\/\/maxreuterproperties.com\/<\/a><\/li>\n\n\n\n<li><strong>Sie<\/strong> sind die nat\u00fcrliche Person, die auf die Website zugreift oder sie nutzt, bzw. das Unternehmen oder eine andere juristische Person, in deren Namen eine solche Person auf die Website zugreift oder sie nutzt.<\/li>\n<\/ul>\n\n\n\n<h2 class=\"wp-block-heading\">ERHEBUNG UND VERWENDUNG IHRER PERSONENBEZOGENEN DATEN<\/h2>\n\n\n\n<h3 class=\"wp-block-heading\">ARTEN DER ERHOBENEN DATEN<\/h3>\n\n\n\n<h4 class=\"wp-block-heading\">PERS\u00d6NLICHE DATEN<\/h4>\n\n\n\n<p>Bei der Nutzung der Website k\u00f6nnen wir Sie bitten, uns bestimmte personenbezogene Daten mitzuteilen, die dazu verwendet werden k\u00f6nnen, Sie zu kontaktieren oder zu identifizieren. Pers\u00f6nlich identifizierbare Informationen k\u00f6nnen unter anderem sein:<\/p>\n\n\n\n<ul class=\"wp-block-list\">\n<li>E-Mail Adresse<\/li>\n\n\n\n<li>Vorname und Nachname<\/li>\n\n\n\n<li>Rufnummer<\/li>\n\n\n\n<li>Physische Adresse<\/li>\n\n\n\n<li>Verwendungsdaten<\/li>\n<\/ul>\n\n\n\n<h4 class=\"wp-block-heading\">ANWENDUNGSDATEN<\/h4>\n\n\n\n<p>Nutzungsdaten werden bei der Nutzung der Website automatisch erhoben.<\/p>\n\n\n\n<p>Zu den Nutzungsdaten k\u00f6nnen Informationen wie die Internetprotokolladresse Ihres Ger\u00e4ts (z. B. IP-Adresse), der Browsertyp, die Browserversion, die von Ihnen besuchten Seiten unserer Website, die Uhrzeit und das Datum Ihres Besuchs, die auf diesen Seiten verbrachte Zeit, eindeutige Ger\u00e4tekennungen und andere Diagnosedaten geh\u00f6ren.<\/p>\n\n\n\n<p>Wenn Sie \u00fcber ein mobiles Ger\u00e4t auf die Website zugreifen, k\u00f6nnen wir bestimmte Informationen automatisch erfassen, einschlie\u00dflich, aber nicht beschr\u00e4nkt auf die Art des von Ihnen verwendeten mobilen Ger\u00e4ts, die eindeutige ID Ihres mobilen Ger\u00e4ts, die IP-Adresse Ihres mobilen Ger\u00e4ts, Ihr mobiles Betriebssystem, die Art des von Ihnen verwendeten mobilen Internetbrowsers, eindeutige Ger\u00e4tekennungen und andere Diagnosedaten.<\/p>\n\n\n\n<p>Wir k\u00f6nnen auch Informationen erfassen, die Ihr Browser sendet, wenn Sie unsere Website besuchen oder wenn Sie \u00fcber ein mobiles Ger\u00e4t auf die Website zugreifen.<\/p>\n\n\n\n<h4 class=\"wp-block-heading\">TRACKING-TECHNOLOGIEN UND COOKIES<\/h4>\n\n\n\n<p>Wir verwenden Cookies und \u00e4hnliche Tracking-Technologien, um die Aktivit\u00e4ten auf unserer Website zu verfolgen und bestimmte Informationen zu speichern. Bei den verwendeten Tracking-Technologien handelt es sich um Beacons, Tags und Skripte zur Erfassung und Verfolgung von Informationen sowie zur Verbesserung und Analyse unserer Website. Zu den von uns verwendeten Technologien k\u00f6nnen geh\u00f6ren:<\/p>\n\n\n\n<ul class=\"wp-block-list\">\n<li><strong>Cookies oder Browser-Cookies.<\/strong>  Ein Cookie ist eine kleine Datei, die auf Ihrem Ger\u00e4t gespeichert wird. Sie k\u00f6nnen Ihren Browser so einstellen, dass er alle Cookies ablehnt oder anzeigt, wenn ein Cookie gesendet wird. Wenn Sie jedoch keine Cookies akzeptieren, k\u00f6nnen Sie m\u00f6glicherweise einige Teile unserer Website nicht nutzen. Sofern Sie Ihren Browser nicht so eingestellt haben, dass er Cookies ablehnt, kann unsere Website Cookies verwenden.<\/li>\n\n\n\n<li><strong>Web-Beacons.<\/strong>  Bestimmte Abschnitte unserer Website und unsere E-Mails k\u00f6nnen kleine elektronische Dateien enthalten, die als Web-Beacons (auch als Clear Gifs, Pixel-Tags und Single-Pixel-Gifs bezeichnet) bekannt sind und es dem Unternehmen beispielsweise erm\u00f6glichen, die Nutzer zu z\u00e4hlen, die diese Seiten besucht oder eine E-Mail ge\u00f6ffnet haben, sowie andere damit verbundene Website-Statistiken zu erstellen (z. B. Aufzeichnung der Beliebtheit eines bestimmten Abschnitts und \u00dcberpr\u00fcfung der System- und Serverintegrit\u00e4t).<\/li>\n<\/ul>\n\n\n\n<p>Cookies k\u00f6nnen &#8222;dauerhafte&#8220; oder &#8222;Sitzungs&#8220;-Cookies sein. Dauerhafte Cookies verbleiben auf Ihrem Computer oder Mobilger\u00e4t, wenn Sie offline gehen, w\u00e4hrend Sitzungscookies gel\u00f6scht werden, sobald Sie Ihren Webbrowser schlie\u00dfen. Weitere Informationen \u00fcber Cookies finden Sie auf der <a href=\"https:\/\/www.termsfeed.com\/blog\/cookies\/#What_Are_Cookies\" target=\"_blank\" rel=\"noreferrer noopener\">TermsFeed-Website<\/a>.<\/p>\n\n\n\n<h2 class=\"wp-block-heading\">VERWENDUNG IHRER PERS\u00d6NLICHEN DATEN<\/h2>\n\n\n\n<p>Das Unternehmen kann personenbezogene Daten f\u00fcr die folgenden Zwecke verwenden:<\/p>\n\n\n\n<ul class=\"wp-block-list\">\n<li><strong>Zur Bereitstellung und Pflege unserer Website<\/strong>, einschlie\u00dflich der \u00dcberwachung der Nutzung unserer Website.<\/li>\n\n\n\n<li><strong>Zur Erf\u00fcllung eines Vertrages:<\/strong> die Entwicklung, Einhaltung und Durchf\u00fchrung des Vertrages \u00fcber die von Ihnen in Auftrag gegebenen Dienstleistungen oder eines anderen Vertrages mit uns \u00fcber die Website.<\/li>\n\n\n\n<li><strong>Um mit Ihnen in Kontakt zu treten:<\/strong> um Sie per E-Mail, Telefonanrufe, SMS oder andere gleichwertige Formen der elektronischen Kommunikation zu kontaktieren.<\/li>\n\n\n\n<li><strong>Um Ihnen<\/strong> Nachrichten, Angebote und allgemeine Informationen \u00fcber die von uns angebotenen Dienstleistungen <strong>zukommen zu lassen<\/strong>, die denen \u00e4hneln, die Sie bereits in Anspruch genommen oder angefragt haben, es sei denn, Sie haben sich dagegen entschieden, solche Informationen zu erhalten.<\/li>\n\n\n\n<li><strong>Zur Verwaltung Ihrer Anfragen:<\/strong> zur Bearbeitung und Verwaltung Ihrer Anfragen an uns.<\/li>\n\n\n\n<li><strong>F\u00fcr andere Zwecke<\/strong>: Wir k\u00f6nnen Ihre Daten f\u00fcr andere Zwecke verwenden, z. B. zur Datenanalyse, zur Ermittlung von Nutzungstrends, zur Bestimmung der Effektivit\u00e4t unserer Website und zur Bewertung und Verbesserung unserer Dienstleistungen und Ihrer Erfahrungen.<\/li>\n<\/ul>\n\n\n\n<h2 class=\"wp-block-heading\">AUFBEWAHRUNG IHRER PERSONENBEZOGENEN DATEN<\/h2>\n\n\n\n<p>Das Unternehmen bewahrt Ihre personenbezogenen Daten nur so lange auf, wie es f\u00fcr die in dieser Datenschutzrichtlinie genannten Zwecke erforderlich ist. Wir werden Ihre personenbezogenen Daten in dem Umfang aufbewahren und verwenden, der erforderlich ist, um unseren rechtlichen Verpflichtungen nachzukommen (z. B. wenn wir Ihre Daten aufbewahren m\u00fcssen, um geltende Gesetze einzuhalten), Streitigkeiten beizulegen und unsere rechtlichen Vereinbarungen und Richtlinien durchzusetzen.<\/p>\n\n\n\n<p>Das Unternehmen speichert die Nutzungsdaten auch f\u00fcr interne Analysezwecke. Nutzungsdaten werden im Allgemeinen f\u00fcr einen k\u00fcrzeren Zeitraum aufbewahrt, es sei denn, diese Daten werden verwendet, um die Sicherheit oder die Funktionalit\u00e4t unserer Website zu verbessern, oder wir sind gesetzlich verpflichtet, diese Daten f\u00fcr l\u00e4ngere Zeitr\u00e4ume aufzubewahren.<\/p>\n\n\n\n<h2 class=\"wp-block-heading\">WEITERGABE IHRER PERSONENBEZOGENEN DATEN<\/h2>\n\n\n\n<p>Ihre Informationen, einschlie\u00dflich personenbezogener Daten, werden in der Gesch\u00e4ftsstelle des Unternehmens und an anderen Orten verarbeitet, an denen sich die an der Verarbeitung Beteiligten befinden. Das bedeutet, dass diese Informationen an Computer au\u00dferhalb Ihres Landes \u00fcbertragen und dort gespeichert werden k\u00f6nnen, wo andere Datenschutzgesetze gelten als in Ihrem Land.<\/p>\n\n\n\n<p>Mit Ihrer Zustimmung zu dieser Datenschutzrichtlinie und der anschlie\u00dfenden \u00dcbermittlung solcher Informationen erkl\u00e4ren Sie sich mit dieser \u00dcbertragung einverstanden.<\/p>\n\n\n\n<p>Das Unternehmen ergreift alle angemessenen Ma\u00dfnahmen, um sicherzustellen, dass Ihre Daten sicher und in \u00dcbereinstimmung mit dieser Datenschutzrichtlinie behandelt werden, und es findet keine \u00dcbertragung Ihrer pers\u00f6nlichen Daten statt, es sei denn, es sind angemessene Kontrollen vorhanden, die die Sicherheit Ihrer Daten und anderer pers\u00f6nlicher Informationen einschlie\u00dfen.<\/p>\n\n\n\n<h2 class=\"wp-block-heading\">L\u00d6SCHUNG IHRER PERSONENBEZOGENEN DATEN<\/h2>\n\n\n\n<p>Sie haben das Recht, personenbezogene Daten, die wir \u00fcber Sie gesammelt haben, zu l\u00f6schen oder von uns Unterst\u00fctzung bei der L\u00f6schung zu verlangen.<\/p>\n\n\n\n<p>Sie k\u00f6nnen sich mit uns in Verbindung setzen, um Zugang zu den von Ihnen zur Verf\u00fcgung gestellten personenbezogenen Daten zu erhalten, diese zu korrigieren oder zu l\u00f6schen.<\/p>\n\n\n\n<p>Bitte beachten Sie jedoch, dass wir bestimmte Informationen m\u00f6glicherweise aufbewahren m\u00fcssen, wenn wir dazu gesetzlich verpflichtet sind oder eine gesetzliche Grundlage haben.<\/p>\n\n\n\n<h2 class=\"wp-block-heading\">WEITERGABE IHRER PERS\u00d6NLICHEN DATEN<\/h2>\n\n\n\n<h3 class=\"wp-block-heading\">STRAFVERFOLGUNG<\/h3>\n\n\n\n<p>Unter bestimmten Umst\u00e4nden kann das Unternehmen verpflichtet sein, Ihre personenbezogenen Daten offen zu legen, wenn dies gesetzlich vorgeschrieben ist oder als Reaktion auf berechtigte Anfragen von Beh\u00f6rden (z. B. einem Gericht oder einer Regierungsbeh\u00f6rde).<\/p>\n\n\n\n<h3 class=\"wp-block-heading\">ANDERE RECHTLICHE ANFORDERUNGEN<\/h3>\n\n\n\n<p>Das Unternehmen kann Ihre pers\u00f6nlichen Daten weitergeben, wenn es in gutem Glauben davon ausgeht, dass dies notwendig ist, um:<\/p>\n\n\n\n<ul class=\"wp-block-list\">\n<li>einer gesetzlichen Verpflichtung nachkommen<\/li>\n\n\n\n<li>Schutz und Verteidigung der Rechte und des Eigentums des Unternehmens<\/li>\n\n\n\n<li>m\u00f6gliches Fehlverhalten im Zusammenhang mit der Website zu verhindern oder zu untersuchen<\/li>\n\n\n\n<li>die pers\u00f6nliche Sicherheit der Nutzer der Website zu sch\u00fctzen<\/li>\n\n\n\n<li>Schutz vor rechtlicher Haftung<\/li>\n<\/ul>\n\n\n\n<h3 class=\"wp-block-heading\">SICHERHEIT IHRER PERS\u00d6NLICHEN DATEN<\/h3>\n\n\n\n<p>Die Sicherheit Ihrer pers\u00f6nlichen Daten ist uns wichtig, aber bedenken Sie, dass keine Methode der \u00dcbertragung \u00fcber das Internet oder der elektronischen Speicherung 100% sicher ist. Obwohl wir uns bem\u00fchen, Ihre personenbezogenen Daten mit wirtschaftlich vertretbaren Mitteln zu sch\u00fctzen, k\u00f6nnen wir ihre absolute Sicherheit nicht garantieren.<\/p>\n\n\n\n<h2 class=\"wp-block-heading\">LINKS ZU ANDEREN WEBSITES<\/h2>\n\n\n\n<p>Unsere Website kann Links zu anderen Websites enthalten, die nicht von uns betrieben werden. Wenn Sie auf einen Link eines Dritten klicken, werden Sie auf die Website dieses Dritten weitergeleitet. Wir empfehlen Ihnen, die Datenschutzbestimmungen jeder Website, die Sie besuchen, zu lesen.<\/p>\n\n\n\n<p>Wir haben keine Kontrolle \u00fcber und \u00fcbernehmen keine Verantwortung f\u00fcr den Inhalt, die Datenschutzrichtlinien oder Praktiken von Websites oder Diensten Dritter.<\/p>\n\n\n\n<h2 class=\"wp-block-heading\">\u00c4NDERUNGEN AN DIESER DATENSCHUTZRICHTLINIE<\/h2>\n\n\n\n<p>Wir k\u00f6nnen unsere Datenschutzrichtlinie von Zeit zu Zeit aktualisieren. Wir werden Sie \u00fcber alle \u00c4nderungen informieren, indem wir die neue Datenschutzrichtlinie auf dieser Seite ver\u00f6ffentlichen.<\/p>\n\n\n\n<p>\u00c4nderungen an dieser Datenschutzrichtlinie treten in Kraft, wenn sie auf dieser Seite ver\u00f6ffentlicht werden.<\/p>\n\n\n\n<h2 class=\"wp-block-heading\">KONTAKT US<\/h2>\n\n\n\n<p>Wenn Sie Fragen zu dieser Datenschutzrichtlinie haben, k\u00f6nnen Sie uns per E-Mail kontaktieren: ola@maxreuterproperties.com<\/p>\n","protected":false},"excerpt":{"rendered":"<p>DATENSCHUTZPOLITIK Diese Datenschutzrichtlinie beschreibt unsere Richtlinien und Verfahren f\u00fcr die Erfassung, Verwendung und Weitergabe Ihrer Daten bei der Nutzung dieser Website und informiert Sie \u00fcber Ihre Datenschutzrechte und den gesetzlichen Schutz Ihrer Daten. Wir verwenden Ihre personenbezogenen Daten ausschlie\u00dflich im Rahmen der Erbringung unserer Dienstleistungen. Durch die Nutzung der Website erkl\u00e4ren Sie sich mit der&#8230;<\/p>\n","protected":false},"author":1,"featured_media":0,"parent":0,"menu_order":0,"comment_status":"closed","ping_status":"open","template":"","meta":{"_kad_blocks_custom_css":"","_kad_blocks_head_custom_js":"","_kad_blocks_body_custom_js":"","_kad_blocks_footer_custom_js":"","_kadence_starter_templates_imported_post":false,"_kad_post_transparent":"disable","_kad_post_title":"","_kad_post_layout":"normal","_kad_post_sidebar_id":"","_kad_post_content_style":"","_kad_post_vertical_padding":"","_kad_post_feature":"","_kad_post_feature_position":"","_kad_post_header":false,"_kad_post_footer":false,"_kad_post_classname":"","footnotes":""},"class_list":["post-1302","page","type-page","status-publish","hentry"],"taxonomy_info":[],"featured_image_src_large":false,"author_info":{"display_name":"katja","author_link":"https:\/\/maxreuterproperties.com\/de\/author\/katja\/"},"comment_info":0,"_links":{"self":[{"href":"https:\/\/maxreuterproperties.com\/de\/wp-json\/wp\/v2\/pages\/1302","targetHints":{"allow":["GET"]}}],"collection":[{"href":"https:\/\/maxreuterproperties.com\/de\/wp-json\/wp\/v2\/pages"}],"about":[{"href":"https:\/\/maxreuterproperties.com\/de\/wp-json\/wp\/v2\/types\/page"}],"author":[{"embeddable":true,"href":"https:\/\/maxreuterproperties.com\/de\/wp-json\/wp\/v2\/users\/1"}],"replies":[{"embeddable":true,"href":"https:\/\/maxreuterproperties.com\/de\/wp-json\/wp\/v2\/comments?post=1302"}],"version-history":[{"count":2,"href":"https:\/\/maxreuterproperties.com\/de\/wp-json\/wp\/v2\/pages\/1302\/revisions"}],"predecessor-version":[{"id":1311,"href":"https:\/\/maxreuterproperties.com\/de\/wp-json\/wp\/v2\/pages\/1302\/revisions\/1311"}],"wp:attachment":[{"href":"https:\/\/maxreuterproperties.com\/de\/wp-json\/wp\/v2\/media?parent=1302"}],"curies":[{"name":"wp","href":"https:\/\/api.w.org\/{rel}","templated":true}]}}